{"id":836,"date":"2023-02-11T11:51:51","date_gmt":"2023-02-11T11:51:51","guid":{"rendered":"https:\/\/ritaloutfi.com\/?page_id=836"},"modified":"2023-09-29T13:41:34","modified_gmt":"2023-09-29T13:41:34","slug":"coaching-de-vida","status":"publish","type":"page","link":"https:\/\/ritaloutfi.com\/en\/coaching-de-vida\/","title":{"rendered":"Coaching de vida"},"content":{"rendered":"<div data-elementor-type=\"wp-page\" data-elementor-id=\"836\" class=\"elementor elementor-836\">\n\t\t\t\t\t\t<section class=\"elementor-section elementor-top-section elementor-element elementor-element-c93bfab elementor-section-height-min-height elementor-section-stretched elementor-section-boxed elementor-section-height-default elementor-section-items-middle\" data-id=\"c93bfab\" data-element_type=\"section\" data-settings=\"{&quot;stretch_section&quot;:&quot;section-stretched&quot;,&quot;background_background&quot;:&quot;classic&quot;}\">\n\t\t\t\t\t\t<div class=\"elementor-container elementor-column-gap-default\">\n\t\t\t\t\t<div class=\"elementor-column elementor-col-100 elementor-top-column elementor-element elementor-element-937aabe\" data-id=\"937aabe\" data-element_type=\"column\">\n\t\t\t<div class=\"elementor-widget-wrap elementor-element-populated\">\n\t\t\t\t\t\t<section class=\"elementor-section elementor-inner-section elementor-element elementor-element-e911184 elementor-section-boxed elementor-section-height-default elementor-section-height-default\" data-id=\"e911184\" data-element_type=\"section\">\n\t\t\t\t\t\t<div class=\"elementor-container elementor-column-gap-default\">\n\t\t\t\t\t<div class=\"elementor-column elementor-col-50 elementor-inner-column elementor-element elementor-element-ef522a7\" data-id=\"ef522a7\" data-element_type=\"column\">\n\t\t\t<div class=\"elementor-widget-wrap elementor-element-populated\">\n\t\t\t\t\t\t<div class=\"elementor-element elementor-element-257be54 elementor-widget elementor-widget-heading\" data-id=\"257be54\" data-element_type=\"widget\" data-widget_type=\"heading.default\">\n\t\t\t\t<div class=\"elementor-widget-container\">\n\t\t\t<style>\/*! elementor - v3.23.0 - 15-07-2024 *\/\n.elementor-heading-title{padding:0;margin:0;line-height:1}.elementor-widget-heading .elementor-heading-title[class*=elementor-size-]>a{color:inherit;font-size:inherit;line-height:inherit}.elementor-widget-heading .elementor-heading-title.elementor-size-small{font-size:15px}.elementor-widget-heading .elementor-heading-title.elementor-size-medium{font-size:19px}.elementor-widget-heading .elementor-heading-title.elementor-size-large{font-size:29px}.elementor-widget-heading .elementor-heading-title.elementor-size-xl{font-size:39px}.elementor-widget-heading .elementor-heading-title.elementor-size-xxl{font-size:59px}<\/style><h1 class=\"elementor-heading-title elementor-size-default\">Coaching<\/h1>\t\t<\/div>\n\t\t\t\t<\/div>\n\t\t\t\t<div class=\"elementor-element elementor-element-a8bcaca elementor-widget elementor-widget-heading\" data-id=\"a8bcaca\" data-element_type=\"widget\" data-widget_type=\"heading.default\">\n\t\t\t\t<div class=\"elementor-widget-container\">\n\t\t\t<h1 class=\"elementor-heading-title elementor-size-default\">personal<\/h1>\t\t<\/div>\n\t\t\t\t<\/div>\n\t\t\t\t\t<\/div>\n\t\t<\/div>\n\t\t\t\t<div class=\"elementor-column elementor-col-50 elementor-inner-column elementor-element elementor-element-ed5aec6\" data-id=\"ed5aec6\" data-element_type=\"column\">\n\t\t\t<div class=\"elementor-widget-wrap\">\n\t\t\t\t\t\t\t<\/div>\n\t\t<\/div>\n\t\t\t\t\t<\/div>\n\t\t<\/section>\n\t\t\t\t\t<\/div>\n\t\t<\/div>\n\t\t\t\t\t<\/div>\n\t\t<\/section>\n\t\t\t\t<section class=\"elementor-section elementor-top-section elementor-element elementor-element-de6f18d elementor-section-stretched elementor-section-boxed elementor-section-height-default elementor-section-height-default\" data-id=\"de6f18d\" data-element_type=\"section\" data-settings=\"{&quot;stretch_section&quot;:&quot;section-stretched&quot;,&quot;background_background&quot;:&quot;classic&quot;,&quot;shape_divider_bottom&quot;:&quot;curve&quot;}\">\n\t\t\t\t\t<div class=\"elementor-shape elementor-shape-bottom\" data-negative=\"false\">\n\t\t\t<svg xmlns=\"http:\/\/www.w3.org\/2000\/svg\" viewbox=\"0 0 1000 100\" preserveaspectratio=\"none\">\n    <path class=\"elementor-shape-fill\" d=\"M1000,4.3V0H0v4.3C0.9,23.1,126.7,99.2,500,100S1000,22.7,1000,4.3z\"\/>\n<\/svg>\t\t<\/div>\n\t\t\t\t\t<div class=\"elementor-container elementor-column-gap-default\">\n\t\t\t\t\t<div class=\"elementor-column elementor-col-100 elementor-top-column elementor-element elementor-element-020bb28\" data-id=\"020bb28\" data-element_type=\"column\">\n\t\t\t<div class=\"elementor-widget-wrap elementor-element-populated\">\n\t\t\t\t\t\t<div class=\"elementor-element elementor-element-d91e4d4 elementor-hidden-desktop elementor-widget elementor-widget-image\" data-id=\"d91e4d4\" data-element_type=\"widget\" data-widget_type=\"image.default\">\n\t\t\t\t<div class=\"elementor-widget-container\">\n\t\t\t<style>\/*! elementor - v3.23.0 - 15-07-2024 *\/\n.elementor-widget-image{text-align:center}.elementor-widget-image a{display:inline-block}.elementor-widget-image a img[src$=\".svg\"]{width:48px}.elementor-widget-image img{vertical-align:middle;display:inline-block}<\/style>\t\t\t\t\t\t\t\t\t\t<img fetchpriority=\"high\" decoding=\"async\" width=\"952\" height=\"1024\" src=\"https:\/\/ritaloutfi.com\/wp-content\/uploads\/2023\/02\/plantillas-RITAdwer-28-1-952x1024.png\" class=\"attachment-large size-large wp-image-865\" alt=\"\" srcset=\"https:\/\/ritaloutfi.com\/wp-content\/uploads\/2023\/02\/plantillas-RITAdwer-28-1-952x1024.png 952w, https:\/\/ritaloutfi.com\/wp-content\/uploads\/2023\/02\/plantillas-RITAdwer-28-1-279x300.png 279w, https:\/\/ritaloutfi.com\/wp-content\/uploads\/2023\/02\/plantillas-RITAdwer-28-1-768x826.png 768w, https:\/\/ritaloutfi.com\/wp-content\/uploads\/2023\/02\/plantillas-RITAdwer-28-1-1428x1536.png 1428w, https:\/\/ritaloutfi.com\/wp-content\/uploads\/2023\/02\/plantillas-RITAdwer-28-1.png 1500w\" sizes=\"(max-width: 952px) 100vw, 952px\" \/>\t\t\t\t\t\t\t\t\t\t\t\t\t<\/div>\n\t\t\t\t<\/div>\n\t\t\t\t<div class=\"elementor-element elementor-element-ac51d85 elementor-hidden-desktop elementor-widget elementor-widget-spacer\" data-id=\"ac51d85\" data-element_type=\"widget\" data-widget_type=\"spacer.default\">\n\t\t\t\t<div class=\"elementor-widget-container\">\n\t\t\t<style>\/*! elementor - v3.23.0 - 15-07-2024 *\/\n.elementor-column .elementor-spacer-inner{height:var(--spacer-size)}.e-con{--container-widget-width:100%}.e-con-inner>.elementor-widget-spacer,.e-con>.elementor-widget-spacer{width:var(--container-widget-width,var(--spacer-size));--align-self:var(--container-widget-align-self,initial);--flex-shrink:0}.e-con-inner>.elementor-widget-spacer>.elementor-widget-container,.e-con>.elementor-widget-spacer>.elementor-widget-container{height:100%;width:100%}.e-con-inner>.elementor-widget-spacer>.elementor-widget-container>.elementor-spacer,.e-con>.elementor-widget-spacer>.elementor-widget-container>.elementor-spacer{height:100%}.e-con-inner>.elementor-widget-spacer>.elementor-widget-container>.elementor-spacer>.elementor-spacer-inner,.e-con>.elementor-widget-spacer>.elementor-widget-container>.elementor-spacer>.elementor-spacer-inner{height:var(--container-widget-height,var(--spacer-size))}.e-con-inner>.elementor-widget-spacer.elementor-widget-empty,.e-con>.elementor-widget-spacer.elementor-widget-empty{position:relative;min-height:22px;min-width:22px}.e-con-inner>.elementor-widget-spacer.elementor-widget-empty .elementor-widget-empty-icon,.e-con>.elementor-widget-spacer.elementor-widget-empty .elementor-widget-empty-icon{position:absolute;top:0;bottom:0;left:0;right:0;margin:auto;padding:0;width:22px;height:22px}<\/style>\t\t<div class=\"elementor-spacer\">\n\t\t\t<div class=\"elementor-spacer-inner\"><\/div>\n\t\t<\/div>\n\t\t\t\t<\/div>\n\t\t\t\t<\/div>\n\t\t\t\t<div class=\"elementor-element elementor-element-36549fd elementor-widget elementor-widget-heading\" data-id=\"36549fd\" data-element_type=\"widget\" data-widget_type=\"heading.default\">\n\t\t\t\t<div class=\"elementor-widget-container\">\n\t\t\t<h1 class=\"elementor-heading-title elementor-size-default\">En tu vida personal<\/h1>\t\t<\/div>\n\t\t\t\t<\/div>\n\t\t\t\t<section class=\"elementor-section elementor-inner-section elementor-element elementor-element-51d2144 elementor-section-boxed elementor-section-height-default elementor-section-height-default\" data-id=\"51d2144\" data-element_type=\"section\">\n\t\t\t\t\t\t<div class=\"elementor-container elementor-column-gap-default\">\n\t\t\t\t\t<div class=\"elementor-column elementor-col-50 elementor-inner-column elementor-element elementor-element-fa0e437\" data-id=\"fa0e437\" data-element_type=\"column\">\n\t\t\t<div class=\"elementor-widget-wrap elementor-element-populated\">\n\t\t\t\t\t\t<div class=\"elementor-element elementor-element-120a3a6 elementor-widget elementor-widget-heading\" data-id=\"120a3a6\" data-element_type=\"widget\" data-widget_type=\"heading.default\">\n\t\t\t\t<div class=\"elementor-widget-container\">\n\t\t\t<h2 class=\"elementor-heading-title elementor-size-default\">Autodesc\u00fabrete, logra tus metas y transformarte a una vida de bienestar\nintegral<\/h2>\t\t<\/div>\n\t\t\t\t<\/div>\n\t\t\t\t<div class=\"elementor-element elementor-element-bd7321e elementor-widget elementor-widget-text-editor\" data-id=\"bd7321e\" data-element_type=\"widget\" data-widget_type=\"text-editor.default\">\n\t\t\t\t<div class=\"elementor-widget-container\">\n\t\t\t<style>\/*! elementor - v3.23.0 - 15-07-2024 *\/\n.elementor-widget-text-editor.elementor-drop-cap-view-stacked .elementor-drop-cap{background-color:#69727d;color:#fff}.elementor-widget-text-editor.elementor-drop-cap-view-framed .elementor-drop-cap{color:#69727d;border:3px solid;background-color:transparent}.elementor-widget-text-editor:not(.elementor-drop-cap-view-default) .elementor-drop-cap{margin-top:8px}.elementor-widget-text-editor:not(.elementor-drop-cap-view-default) .elementor-drop-cap-letter{width:1em;height:1em}.elementor-widget-text-editor .elementor-drop-cap{float:left;text-align:center;line-height:1;font-size:50px}.elementor-widget-text-editor .elementor-drop-cap-letter{display:inline-block}<\/style>\t\t\t\t<ul>\n<li><b>Lograr el bienestar y el equilibrio en las diferentes \u00e1reas de tu vida:<\/b><br>Salud, Finanzas, Familia, Desarrollo Personal, Profesi\u00f3n, Relaciones, Diversi\u00f3n.<\/li>\n<li>Alcanzar tus metas, sue\u00f1os y objetivos.<\/li>\n<li>Encontrar tu prop\u00f3sito de vida.<\/li>\n<li>Controlar y calmar la ansiedad.<\/li>\n<li>Transformar tu relaci\u00f3n con el miedo.<\/li>\n<li>Incrementar tu confianza personal.<\/li>\n<li>Romper creencias limitantes.<\/li>\n<li>Salir de tu zona de confort y despertar tu potencial.<\/li>\n<\/ul>\t\t\t\t\t\t<\/div>\n\t\t\t\t<\/div>\n\t\t\t\t<div class=\"elementor-element elementor-element-1778aa5 elementor-mobile-align-center elementor-widget elementor-widget-button\" data-id=\"1778aa5\" data-element_type=\"widget\" data-widget_type=\"button.default\">\n\t\t\t\t<div class=\"elementor-widget-container\">\n\t\t\t\t\t<div class=\"elementor-button-wrapper\">\n\t\t\t<a class=\"elementor-button elementor-button-link elementor-size-lg\" href=\"#\">\n\t\t\t\t\t\t<span class=\"elementor-button-content-wrapper\">\n\t\t\t\t\t\t\t\t\t<span class=\"elementor-button-text\">Agendar ahora!<\/span>\n\t\t\t\t\t<\/span>\n\t\t\t\t\t<\/a>\n\t\t<\/div>\n\t\t\t\t<\/div>\n\t\t\t\t<\/div>\n\t\t\t\t\t<\/div>\n\t\t<\/div>\n\t\t\t\t<div class=\"elementor-column elementor-col-50 elementor-inner-column elementor-element elementor-element-607a856\" data-id=\"607a856\" data-element_type=\"column\">\n\t\t\t<div class=\"elementor-widget-wrap elementor-element-populated\">\n\t\t\t\t\t\t<div class=\"elementor-element elementor-element-e6ca79b elementor-hidden-tablet elementor-hidden-mobile elementor-widget elementor-widget-image\" data-id=\"e6ca79b\" data-element_type=\"widget\" data-widget_type=\"image.default\">\n\t\t\t\t<div class=\"elementor-widget-container\">\n\t\t\t\t\t\t\t\t\t\t\t\t\t<img fetchpriority=\"high\" decoding=\"async\" width=\"952\" height=\"1024\" src=\"https:\/\/ritaloutfi.com\/wp-content\/uploads\/2023\/02\/plantillas-RITAdwer-28-1-952x1024.png\" class=\"attachment-large size-large wp-image-865\" alt=\"\" srcset=\"https:\/\/ritaloutfi.com\/wp-content\/uploads\/2023\/02\/plantillas-RITAdwer-28-1-952x1024.png 952w, https:\/\/ritaloutfi.com\/wp-content\/uploads\/2023\/02\/plantillas-RITAdwer-28-1-279x300.png 279w, https:\/\/ritaloutfi.com\/wp-content\/uploads\/2023\/02\/plantillas-RITAdwer-28-1-768x826.png 768w, https:\/\/ritaloutfi.com\/wp-content\/uploads\/2023\/02\/plantillas-RITAdwer-28-1-1428x1536.png 1428w, https:\/\/ritaloutfi.com\/wp-content\/uploads\/2023\/02\/plantillas-RITAdwer-28-1.png 1500w\" sizes=\"(max-width: 952px) 100vw, 952px\" \/>\t\t\t\t\t\t\t\t\t\t\t\t\t<\/div>\n\t\t\t\t<\/div>\n\t\t\t\t\t<\/div>\n\t\t<\/div>\n\t\t\t\t\t<\/div>\n\t\t<\/section>\n\t\t\t\t\t<\/div>\n\t\t<\/div>\n\t\t\t\t\t<\/div>\n\t\t<\/section>\n\t\t\t\t<section class=\"elementor-section elementor-top-section elementor-element elementor-element-4cf5004 elementor-section-boxed elementor-section-height-default elementor-section-height-default\" data-id=\"4cf5004\" data-element_type=\"section\">\n\t\t\t\t\t\t<div class=\"elementor-container elementor-column-gap-default\">\n\t\t\t\t\t<div class=\"elementor-column elementor-col-100 elementor-top-column elementor-element elementor-element-fa770be\" data-id=\"fa770be\" data-element_type=\"column\">\n\t\t\t<div class=\"elementor-widget-wrap elementor-element-populated\">\n\t\t\t\t\t\t<div class=\"elementor-element elementor-element-e02604b elementor-widget elementor-widget-heading\" data-id=\"e02604b\" data-element_type=\"widget\" data-widget_type=\"heading.default\">\n\t\t\t\t<div class=\"elementor-widget-container\">\n\t\t\t<h2 class=\"elementor-heading-title elementor-size-default\">\u00bfQu\u00e9 Incluye?<\/h2>\t\t<\/div>\n\t\t\t\t<\/div>\n\t\t\t\t<div class=\"elementor-element elementor-element-32a2687 elementor-widget elementor-widget-image\" data-id=\"32a2687\" data-element_type=\"widget\" data-widget_type=\"image.default\">\n\t\t\t\t<div class=\"elementor-widget-container\">\n\t\t\t\t\t\t\t\t\t\t\t\t\t<img decoding=\"async\" width=\"768\" height=\"99\" src=\"https:\/\/ritaloutfi.com\/wp-content\/uploads\/2023\/02\/rita-web-02-2-768x99-1.png\" class=\"attachment-large size-large wp-image-160\" alt=\"\" srcset=\"https:\/\/ritaloutfi.com\/wp-content\/uploads\/2023\/02\/rita-web-02-2-768x99-1.png 768w, https:\/\/ritaloutfi.com\/wp-content\/uploads\/2023\/02\/rita-web-02-2-768x99-1-300x39.png 300w, https:\/\/ritaloutfi.com\/wp-content\/uploads\/2023\/02\/rita-web-02-2-768x99-1-600x77.png 600w\" sizes=\"(max-width: 768px) 100vw, 768px\" \/>\t\t\t\t\t\t\t\t\t\t\t\t\t<\/div>\n\t\t\t\t<\/div>\n\t\t\t\t\t<\/div>\n\t\t<\/div>\n\t\t\t\t\t<\/div>\n\t\t<\/section>\n\t\t\t\t<section class=\"elementor-section elementor-top-section elementor-element elementor-element-b2c0a75 elementor-section-boxed elementor-section-height-default elementor-section-height-default\" data-id=\"b2c0a75\" data-element_type=\"section\" data-settings=\"{&quot;background_background&quot;:&quot;classic&quot;}\">\n\t\t\t\t\t\t<div class=\"elementor-container elementor-column-gap-default\">\n\t\t\t\t\t<div class=\"elementor-column elementor-col-100 elementor-top-column elementor-element elementor-element-c9d6b81\" data-id=\"c9d6b81\" data-element_type=\"column\" data-settings=\"{&quot;background_background&quot;:&quot;classic&quot;}\">\n\t\t\t<div class=\"elementor-widget-wrap elementor-element-populated\">\n\t\t\t\t\t\t<div class=\"elementor-element elementor-element-83dffe9 elementor-widget elementor-widget-text-editor\" data-id=\"83dffe9\" data-element_type=\"widget\" data-widget_type=\"text-editor.default\">\n\t\t\t\t<div class=\"elementor-widget-container\">\n\t\t\t\t\t\t\t<p class=\"parra\"><i class=\"fa fa-check\" style=\"color: #cbd50b;\"><\/i> 6 sesiones de coaching presencial u online de 45 a 60 minutos cada una <b>(1 semanal).<\/b><\/p><p class=\"parra\"><i class=\"fa fa-check\" style=\"color: #cbd50b;\"><\/i> Sesiones <b>completamente personalizadas<\/b> y adaptadas a la medida de tus necesidades.<\/p><p class=\"parra\"><i class=\"fa fa-check\" style=\"color: #cbd50b;\"><\/i> Material de apoyo para actividades totalmente pr\u00e1cticas.<\/p><p class=\"parra\"><i class=\"fa fa-check\" style=\"color: #cbd50b;\"><\/i> Recursos totalmente personalizados.<\/p><p class=\"parra\"><i class=\"fa fa-check\" style=\"color: #cbd50b;\"><\/i> Seguimiento y soporte desde el primer momento.<\/p>\t\t\t\t\t\t<\/div>\n\t\t\t\t<\/div>\n\t\t\t\t\t<\/div>\n\t\t<\/div>\n\t\t\t\t\t<\/div>\n\t\t<\/section>\n\t\t\t\t<section class=\"elementor-section elementor-top-section elementor-element elementor-element-6611564 elementor-section-boxed elementor-section-height-default elementor-section-height-default\" data-id=\"6611564\" data-element_type=\"section\">\n\t\t\t\t\t\t<div class=\"elementor-container elementor-column-gap-default\">\n\t\t\t\t\t<div class=\"elementor-column elementor-col-100 elementor-top-column elementor-element elementor-element-6398bf1\" data-id=\"6398bf1\" data-element_type=\"column\" data-settings=\"{&quot;background_background&quot;:&quot;classic&quot;}\">\n\t\t\t<div class=\"elementor-widget-wrap elementor-element-populated\">\n\t\t\t\t\t\t<div class=\"elementor-element elementor-element-87f5162 elementor-widget elementor-widget-heading\" data-id=\"87f5162\" data-element_type=\"widget\" data-widget_type=\"heading.default\">\n\t\t\t\t<div class=\"elementor-widget-container\">\n\t\t\t<h1 class=\"elementor-heading-title elementor-size-default\">Durante el proceso iniciaremos con:<\/h1>\t\t<\/div>\n\t\t\t\t<\/div>\n\t\t\t\t<div class=\"elementor-element elementor-element-84fa544 elementor-widget elementor-widget-text-editor\" data-id=\"84fa544\" data-element_type=\"widget\" data-widget_type=\"text-editor.default\">\n\t\t\t\t<div class=\"elementor-widget-container\">\n\t\t\t\t\t\t\t<p class=\"parra\"><i class=\"fa fa-check\" style=\"color: #cbd50b;\"><\/i>Autodescubrimiento y claridad.<\/p>\n<p class=\"parra\"><i class=\"fa fa-check\" style=\"color: #cbd50b;\"><\/i> Cambio de mentalidad, reprogramaci\u00f3n, romper creencias limitantes.<\/p>\n<p class=\"parra\"><i class=\"fa fa-check\" style=\"color: #cbd50b;\"><\/i> Incorporaci\u00f3n de nuevos y saludables h\u00e1bitos.<\/p>\n<p class=\"parra\"><i class=\"fa fa-check\" style=\"color: #cbd50b;\"><\/i> Establecer el plan de acci\u00f3n.<\/p>\n<p style=\"text-decoration: underline;\">**<b>De Regalo:<\/b> Ebook y workbook del programa**<\/p>\t\t\t\t\t\t<\/div>\n\t\t\t\t<\/div>\n\t\t\t\t<section class=\"elementor-section elementor-inner-section elementor-element elementor-element-df004b9 elementor-section-boxed elementor-section-height-default elementor-section-height-default\" data-id=\"df004b9\" data-element_type=\"section\">\n\t\t\t\t\t\t<div class=\"elementor-container elementor-column-gap-default\">\n\t\t\t\t\t<div class=\"elementor-column elementor-col-50 elementor-inner-column elementor-element elementor-element-1082c3e\" data-id=\"1082c3e\" data-element_type=\"column\">\n\t\t\t<div class=\"elementor-widget-wrap elementor-element-populated\">\n\t\t\t\t\t\t<div class=\"elementor-element elementor-element-dff0eec elementor-align-center elementor-widget elementor-widget-button\" data-id=\"dff0eec\" data-element_type=\"widget\" data-widget_type=\"button.default\">\n\t\t\t\t<div class=\"elementor-widget-container\">\n\t\t\t\t\t<div class=\"elementor-button-wrapper\">\n\t\t\t<a class=\"elementor-button elementor-button-link elementor-size-xl\" href=\"#\">\n\t\t\t\t\t\t<span class=\"elementor-button-content-wrapper\">\n\t\t\t\t\t\t\t\t\t<span class=\"elementor-button-text\">1 solo pago $297<\/span>\n\t\t\t\t\t<\/span>\n\t\t\t\t\t<\/a>\n\t\t<\/div>\n\t\t\t\t<\/div>\n\t\t\t\t<\/div>\n\t\t\t\t\t<\/div>\n\t\t<\/div>\n\t\t\t\t<div class=\"elementor-column elementor-col-50 elementor-inner-column elementor-element elementor-element-8175bea\" data-id=\"8175bea\" data-element_type=\"column\">\n\t\t\t<div class=\"elementor-widget-wrap elementor-element-populated\">\n\t\t\t\t\t\t<div class=\"elementor-element elementor-element-a2b094f elementor-align-center elementor-widget elementor-widget-button\" data-id=\"a2b094f\" data-element_type=\"widget\" data-widget_type=\"button.default\">\n\t\t\t\t<div class=\"elementor-widget-container\">\n\t\t\t\t\t<div class=\"elementor-button-wrapper\">\n\t\t\t<a class=\"elementor-button elementor-button-link elementor-size-xl\" href=\"#\">\n\t\t\t\t\t\t<span class=\"elementor-button-content-wrapper\">\n\t\t\t\t\t\t\t\t\t<span class=\"elementor-button-text\">3 pagos  de $117<\/span>\n\t\t\t\t\t<\/span>\n\t\t\t\t\t<\/a>\n\t\t<\/div>\n\t\t\t\t<\/div>\n\t\t\t\t<\/div>\n\t\t\t\t\t<\/div>\n\t\t<\/div>\n\t\t\t\t\t<\/div>\n\t\t<\/section>\n\t\t\t\t<div class=\"elementor-element elementor-element-851e8cb elementor-widget elementor-widget-spacer\" data-id=\"851e8cb\" data-element_type=\"widget\" data-widget_type=\"spacer.default\">\n\t\t\t\t<div class=\"elementor-widget-container\">\n\t\t\t\t\t<div class=\"elementor-spacer\">\n\t\t\t<div class=\"elementor-spacer-inner\"><\/div>\n\t\t<\/div>\n\t\t\t\t<\/div>\n\t\t\t\t<\/div>\n\t\t\t\t\t<\/div>\n\t\t<\/div>\n\t\t\t\t\t<\/div>\n\t\t<\/section>\n\t\t\t\t<section class=\"elementor-section elementor-top-section elementor-element elementor-element-ec26a72 elementor-section-boxed elementor-section-height-default elementor-section-height-default\" data-id=\"ec26a72\" data-element_type=\"section\">\n\t\t\t\t\t\t<div class=\"elementor-container elementor-column-gap-default\">\n\t\t\t\t\t<div class=\"elementor-column elementor-col-100 elementor-top-column elementor-element elementor-element-ea8bd4d\" data-id=\"ea8bd4d\" data-element_type=\"column\">\n\t\t\t<div class=\"elementor-widget-wrap elementor-element-populated\">\n\t\t\t\t\t\t<div class=\"elementor-element elementor-element-bf8a465 elementor-widget elementor-widget-spacer\" data-id=\"bf8a465\" data-element_type=\"widget\" data-widget_type=\"spacer.default\">\n\t\t\t\t<div class=\"elementor-widget-container\">\n\t\t\t\t\t<div class=\"elementor-spacer\">\n\t\t\t<div class=\"elementor-spacer-inner\"><\/div>\n\t\t<\/div>\n\t\t\t\t<\/div>\n\t\t\t\t<\/div>\n\t\t\t\t\t<\/div>\n\t\t<\/div>\n\t\t\t\t\t<\/div>\n\t\t<\/section>\n\t\t\t\t<\/div>","protected":false},"excerpt":{"rendered":"<p>Coaching personal En tu vida personal Autodesc\u00fabrete, logra tus metas y transformarte a una vida de bienestar integral Lograr el bienestar y el equilibrio en las diferentes \u00e1reas de tu vida:Salud, Finanzas, Familia, Desarrollo Personal, Profesi\u00f3n, Relaciones, Diversi\u00f3n. Alcanzar tus metas, sue\u00f1os y objetivos. Encontrar tu prop\u00f3sito de vida. Controlar<\/p>","protected":false},"author":1,"featured_media":0,"parent":0,"menu_order":0,"comment_status":"closed","ping_status":"closed","template":"","meta":{"footnotes":""},"class_list":["post-836","page","type-page","status-publish","hentry"],"_links":{"self":[{"href":"https:\/\/ritaloutfi.com\/en\/wp-json\/wp\/v2\/pages\/836"}],"collection":[{"href":"https:\/\/ritaloutfi.com\/en\/wp-json\/wp\/v2\/pages"}],"about":[{"href":"https:\/\/ritaloutfi.com\/en\/wp-json\/wp\/v2\/types\/page"}],"author":[{"embeddable":true,"href":"https:\/\/ritaloutfi.com\/en\/wp-json\/wp\/v2\/users\/1"}],"replies":[{"embeddable":true,"href":"https:\/\/ritaloutfi.com\/en\/wp-json\/wp\/v2\/comments?post=836"}],"version-history":[{"count":106,"href":"https:\/\/ritaloutfi.com\/en\/wp-json\/wp\/v2\/pages\/836\/revisions"}],"predecessor-version":[{"id":1869,"href":"https:\/\/ritaloutfi.com\/en\/wp-json\/wp\/v2\/pages\/836\/revisions\/1869"}],"wp:attachment":[{"href":"https:\/\/ritaloutfi.com\/en\/wp-json\/wp\/v2\/media?parent=836"}],"curies":[{"name":"wp","href":"https:\/\/api.w.org\/{rel}","templated":true}]}}